{"id":12868,"date":"2022-12-05T19:47:15","date_gmt":"2022-12-05T17:47:15","guid":{"rendered":"https:\/\/test.aarography.com\/?page_id=12868"},"modified":"2026-04-29T21:42:14","modified_gmt":"2026-04-29T18:42:14","slug":"wedding-photography-price","status":"publish","type":"page","link":"https:\/\/test.aarography.com\/en\/wedding-photography-price\/","title":{"rendered":"Wedding Photography Prices"},"content":{"rendered":"<p><strong>Helsinki and around Finland:<\/strong>\u00a0 The price of <a href=\"https:\/\/test.aarography.com\/fi\/haakuvaus-hinta\/\">wedding photography packages<\/a> in Helsinki and around Finland start at 2050\u20ac (includes all digital files), and portrait sessions start at 225\u20ac (digital files at an additional cost). I also photograph events, family photos, and everything else, so please <a href=\"https:\/\/test.aarography.com\/contact\/\">get in touch<\/a> for those prices.<\/p>\n<p style=\"text-align: center\"><a href=\"https:\/\/test.aarography.com\/fi\/haakuvaus-hinta\/\"><b>See prices in Finnish here<\/b><\/a><\/p>\n<p>&nbsp;<\/p>\n<p><strong>Washington DC area and USA<\/strong>: Wedding photography prices start at $3500 (includes all digital files) for the greater Washington D.C. area, and portrait sessions start at $300 (digital files at an additional cost). <a href=\"https:\/\/test.aarography.com\/contact\/\">Contact me for more details.<\/a><\/p>\n<p>I spend most of my time in Finland, but I also travel to Washington D.C. regularly, so I am generally available to shoot in both places, depending on the time of year. \u00a0To get a quote specialized for you, please <a href=\"https:\/\/test.aarography.com\/contact\/\">contact me<\/a> \u00a0and I will get back to you ASAP! &#x1f642;<\/p>\n","protected":false},"excerpt":{"rendered":"<p>Helsinki and around Finland:\u00a0 The price of wedding photography packages in Helsinki and around Finland start at 2050\u20ac (includes all digital files), and portrait sessions start at 225\u20ac (digital files at an additional cost). I also photograph events, family photos, and everything else, so please get in touch for those prices. See prices in Finnish [&hellip;]<\/p>\n","protected":false},"author":1,"featured_media":0,"parent":0,"menu_order":0,"comment_status":"closed","ping_status":"open","template":"","meta":{"footnotes":""},"class_list":["post-12868","page","type-page","status-publish","hentry"],"yoast_head":"<!-- This site is optimized with the Yoast SEO plugin v27.5 - https:\/\/yoast.com\/product\/yoast-seo-wordpress\/ -->\n<title>Wedding Photography Prices - Helsinki H\u00e4\u00e4kuvaaja: Aarography<\/title>\n<meta name=\"description\" content=\"H\u00e4\u00e4kuvauksen hinta ja h\u00e4\u00e4valokuvaus pakettien hinnat Helsingiss\u00e4. Wedding photography prices in Helsinki, Finland.\" \/>\n<meta name=\"robots\" content=\"index, follow, max-snippet:-1, max-image-preview:large, max-video-preview:-1\" \/>\n<link rel=\"canonical\" href=\"https:\/\/test.aarography.com\/en\/wedding-photography-price\/\" \/>\n<meta property=\"og:locale\" content=\"en_US\" \/>\n<meta property=\"og:type\" content=\"article\" \/>\n<meta property=\"og:title\" content=\"Wedding Photography Prices - Helsinki H\u00e4\u00e4kuvaaja: Aarography\" \/>\n<meta property=\"og:description\" content=\"H\u00e4\u00e4kuvauksen hinta ja h\u00e4\u00e4valokuvaus pakettien hinnat Helsingiss\u00e4. Wedding photography prices in Helsinki, Finland.\" \/>\n<meta property=\"og:url\" content=\"https:\/\/test.aarography.com\/en\/wedding-photography-price\/\" \/>\n<meta property=\"og:site_name\" content=\"Helsinki H\u00e4\u00e4kuvaaja: Aarography\" \/>\n<meta property=\"article:publisher\" content=\"https:\/\/www.facebook.com\/aarography\" \/>\n<meta property=\"article:modified_time\" content=\"2026-04-29T18:42:14+00:00\" \/>\n<meta name=\"twitter:card\" content=\"summary_large_image\" \/>\n<meta name=\"twitter:label1\" content=\"Est. reading time\" \/>\n\t<meta name=\"twitter:data1\" content=\"1 minute\" \/>\n<script type=\"application\/ld+json\" class=\"yoast-schema-graph\">{\"@context\":\"https:\\\/\\\/schema.org\",\"@graph\":[{\"@type\":\"WebPage\",\"@id\":\"https:\\\/\\\/test.aarography.com\\\/en\\\/wedding-photography-price\\\/\",\"url\":\"https:\\\/\\\/test.aarography.com\\\/en\\\/wedding-photography-price\\\/\",\"name\":\"Wedding Photography Prices - Helsinki H\u00e4\u00e4kuvaaja: Aarography\",\"isPartOf\":{\"@id\":\"https:\\\/\\\/test.aarography.com\\\/en\\\/#website\"},\"datePublished\":\"2022-12-05T17:47:15+00:00\",\"dateModified\":\"2026-04-29T18:42:14+00:00\",\"description\":\"H\u00e4\u00e4kuvauksen hinta ja h\u00e4\u00e4valokuvaus pakettien hinnat Helsingiss\u00e4. Wedding photography prices in Helsinki, Finland.\",\"breadcrumb\":{\"@id\":\"https:\\\/\\\/test.aarography.com\\\/en\\\/wedding-photography-price\\\/#breadcrumb\"},\"inLanguage\":\"en-US\",\"potentialAction\":[{\"@type\":\"ReadAction\",\"target\":[\"https:\\\/\\\/test.aarography.com\\\/en\\\/wedding-photography-price\\\/\"]}]},{\"@type\":\"BreadcrumbList\",\"@id\":\"https:\\\/\\\/test.aarography.com\\\/en\\\/wedding-photography-price\\\/#breadcrumb\",\"itemListElement\":[{\"@type\":\"ListItem\",\"position\":1,\"name\":\"Home\",\"item\":\"https:\\\/\\\/test.aarography.com\\\/en\\\/\"},{\"@type\":\"ListItem\",\"position\":2,\"name\":\"Wedding Photography Prices\"}]},{\"@type\":\"WebSite\",\"@id\":\"https:\\\/\\\/test.aarography.com\\\/en\\\/#website\",\"url\":\"https:\\\/\\\/test.aarography.com\\\/en\\\/\",\"name\":\"Helsinki H\u00e4\u00e4kuvaaja: Aarography\",\"description\":\"Wedding Photographer in Helsinki\",\"publisher\":{\"@id\":\"https:\\\/\\\/test.aarography.com\\\/en\\\/#organization\"},\"alternateName\":\"H\u00e4\u00e4valokuvaus\",\"potentialAction\":[{\"@type\":\"SearchAction\",\"target\":{\"@type\":\"EntryPoint\",\"urlTemplate\":\"https:\\\/\\\/test.aarography.com\\\/en\\\/?s={search_term_string}\"},\"query-input\":{\"@type\":\"PropertyValueSpecification\",\"valueRequired\":true,\"valueName\":\"search_term_string\"}}],\"inLanguage\":\"en-US\"},{\"@type\":\"Organization\",\"@id\":\"https:\\\/\\\/test.aarography.com\\\/en\\\/#organization\",\"name\":\"Aarography\",\"url\":\"https:\\\/\\\/test.aarography.com\\\/en\\\/\",\"logo\":{\"@type\":\"ImageObject\",\"inLanguage\":\"en-US\",\"@id\":\"https:\\\/\\\/test.aarography.com\\\/en\\\/#\\\/schema\\\/logo\\\/image\\\/\",\"url\":\"https:\\\/\\\/test.aarography.com\\\/wp-content\\\/uploads\\\/2016\\\/11\\\/Aarography-Intro-logo-flo-black.png\",\"contentUrl\":\"https:\\\/\\\/test.aarography.com\\\/wp-content\\\/uploads\\\/2016\\\/11\\\/Aarography-Intro-logo-flo-black.png\",\"width\":597,\"height\":88,\"caption\":\"Aarography\"},\"image\":{\"@id\":\"https:\\\/\\\/test.aarography.com\\\/en\\\/#\\\/schema\\\/logo\\\/image\\\/\"},\"sameAs\":[\"https:\\\/\\\/www.facebook.com\\\/aarography\",\"https:\\\/\\\/www.instagram.com\\\/aarokeipi\"]}]}<\/script>\n<!-- \/ Yoast SEO plugin. -->","yoast_head_json":{"title":"Wedding Photography Prices - Helsinki H\u00e4\u00e4kuvaaja: Aarography","description":"H\u00e4\u00e4kuvauksen hinta ja h\u00e4\u00e4valokuvaus pakettien hinnat Helsingiss\u00e4. Wedding photography prices in Helsinki, Finland.","robots":{"index":"index","follow":"follow","max-snippet":"max-snippet:-1","max-image-preview":"max-image-preview:large","max-video-preview":"max-video-preview:-1"},"canonical":"https:\/\/test.aarography.com\/en\/wedding-photography-price\/","og_locale":"en_US","og_type":"article","og_title":"Wedding Photography Prices - Helsinki H\u00e4\u00e4kuvaaja: Aarography","og_description":"H\u00e4\u00e4kuvauksen hinta ja h\u00e4\u00e4valokuvaus pakettien hinnat Helsingiss\u00e4. Wedding photography prices in Helsinki, Finland.","og_url":"https:\/\/test.aarography.com\/en\/wedding-photography-price\/","og_site_name":"Helsinki H\u00e4\u00e4kuvaaja: Aarography","article_publisher":"https:\/\/www.facebook.com\/aarography","article_modified_time":"2026-04-29T18:42:14+00:00","twitter_card":"summary_large_image","twitter_misc":{"Est. reading time":"1 minute"},"schema":{"@context":"https:\/\/schema.org","@graph":[{"@type":"WebPage","@id":"https:\/\/test.aarography.com\/en\/wedding-photography-price\/","url":"https:\/\/test.aarography.com\/en\/wedding-photography-price\/","name":"Wedding Photography Prices - Helsinki H\u00e4\u00e4kuvaaja: Aarography","isPartOf":{"@id":"https:\/\/test.aarography.com\/en\/#website"},"datePublished":"2022-12-05T17:47:15+00:00","dateModified":"2026-04-29T18:42:14+00:00","description":"H\u00e4\u00e4kuvauksen hinta ja h\u00e4\u00e4valokuvaus pakettien hinnat Helsingiss\u00e4. Wedding photography prices in Helsinki, Finland.","breadcrumb":{"@id":"https:\/\/test.aarography.com\/en\/wedding-photography-price\/#breadcrumb"},"inLanguage":"en-US","potentialAction":[{"@type":"ReadAction","target":["https:\/\/test.aarography.com\/en\/wedding-photography-price\/"]}]},{"@type":"BreadcrumbList","@id":"https:\/\/test.aarography.com\/en\/wedding-photography-price\/#breadcrumb","itemListElement":[{"@type":"ListItem","position":1,"name":"Home","item":"https:\/\/test.aarography.com\/en\/"},{"@type":"ListItem","position":2,"name":"Wedding Photography Prices"}]},{"@type":"WebSite","@id":"https:\/\/test.aarography.com\/en\/#website","url":"https:\/\/test.aarography.com\/en\/","name":"Helsinki H\u00e4\u00e4kuvaaja: Aarography","description":"Wedding Photographer in Helsinki","publisher":{"@id":"https:\/\/test.aarography.com\/en\/#organization"},"alternateName":"H\u00e4\u00e4valokuvaus","potentialAction":[{"@type":"SearchAction","target":{"@type":"EntryPoint","urlTemplate":"https:\/\/test.aarography.com\/en\/?s={search_term_string}"},"query-input":{"@type":"PropertyValueSpecification","valueRequired":true,"valueName":"search_term_string"}}],"inLanguage":"en-US"},{"@type":"Organization","@id":"https:\/\/test.aarography.com\/en\/#organization","name":"Aarography","url":"https:\/\/test.aarography.com\/en\/","logo":{"@type":"ImageObject","inLanguage":"en-US","@id":"https:\/\/test.aarography.com\/en\/#\/schema\/logo\/image\/","url":"https:\/\/test.aarography.com\/wp-content\/uploads\/2016\/11\/Aarography-Intro-logo-flo-black.png","contentUrl":"https:\/\/test.aarography.com\/wp-content\/uploads\/2016\/11\/Aarography-Intro-logo-flo-black.png","width":597,"height":88,"caption":"Aarography"},"image":{"@id":"https:\/\/test.aarography.com\/en\/#\/schema\/logo\/image\/"},"sameAs":["https:\/\/www.facebook.com\/aarography","https:\/\/www.instagram.com\/aarokeipi"]}]}},"_links":{"self":[{"href":"https:\/\/test.aarography.com\/en\/wp-json\/wp\/v2\/pages\/12868","targetHints":{"allow":["GET"]}}],"collection":[{"href":"https:\/\/test.aarography.com\/en\/wp-json\/wp\/v2\/pages"}],"about":[{"href":"https:\/\/test.aarography.com\/en\/wp-json\/wp\/v2\/types\/page"}],"author":[{"embeddable":true,"href":"https:\/\/test.aarography.com\/en\/wp-json\/wp\/v2\/users\/1"}],"replies":[{"embeddable":true,"href":"https:\/\/test.aarography.com\/en\/wp-json\/wp\/v2\/comments?post=12868"}],"version-history":[{"count":9,"href":"https:\/\/test.aarography.com\/en\/wp-json\/wp\/v2\/pages\/12868\/revisions"}],"predecessor-version":[{"id":17485,"href":"https:\/\/test.aarography.com\/en\/wp-json\/wp\/v2\/pages\/12868\/revisions\/17485"}],"wp:attachment":[{"href":"https:\/\/test.aarography.com\/en\/wp-json\/wp\/v2\/media?parent=12868"}],"curies":[{"name":"wp","href":"https:\/\/api.w.org\/{rel}","templated":true}]}}